{"id":676,"date":"2021-05-05T15:25:36","date_gmt":"2021-05-05T15:25:36","guid":{"rendered":"http:\/\/www.alphanosos.com\/?page_id=676"},"modified":"2024-06-09T18:51:42","modified_gmt":"2024-06-09T18:51:42","slug":"mentions-legales","status":"publish","type":"page","link":"https:\/\/www.alphanosos.com\/fr\/mentions-legales\/","title":{"rendered":"Mentions l\u00e9gales"},"content":{"rendered":"<div data-elementor-type=\"wp-page\" data-elementor-id=\"676\" class=\"elementor elementor-676\" data-elementor-post-type=\"page\">\n\t\t\t\t\t\t<section class=\"elementor-section elementor-top-section elementor-element elementor-element-29873356 elementor-section-boxed elementor-section-height-default elementor-section-height-default\" data-id=\"29873356\" data-element_type=\"section\" data-e-type=\"section\">\n\t\t\t\t\t\t<div class=\"elementor-container elementor-column-gap-default\">\n\t\t\t\t\t<div class=\"elementor-column elementor-col-100 elementor-top-column elementor-element elementor-element-4ba4d371\" data-id=\"4ba4d371\" data-element_type=\"column\" data-e-type=\"column\">\n\t\t\t<div class=\"elementor-widget-wrap elementor-element-populated\">\n\t\t\t\t\t\t<div class=\"elementor-element elementor-element-46c0282 elementor-widget elementor-widget-heading\" data-id=\"46c0282\" data-element_type=\"widget\" data-e-type=\"widget\" data-widget_type=\"heading.default\">\n\t\t\t\t<div class=\"elementor-widget-container\">\n\t\t\t\t\t<h1 class=\"elementor-heading-title elementor-size-default\">Mentions l\u00e9gales<\/h1>\t\t\t\t<\/div>\n\t\t\t\t<\/div>\n\t\t\t\t<div class=\"elementor-element elementor-element-1472062b elementor-widget elementor-widget-text-editor\" data-id=\"1472062b\" data-element_type=\"widget\" data-e-type=\"widget\" data-widget_type=\"text-editor.default\">\n\t\t\t\t<div class=\"elementor-widget-container\">\n\t\t\t\t\t\t\t\t\t<h2>Propri\u00e9t\u00e9<\/h2><p>Le pr\u00e9sent site Internet, accessible \u00e0 l&#039;adresse URL www.alphanosos.com, est la propri\u00e9t\u00e9 de Alphanosos SAS au capital de 14841\u20ac, immatricul\u00e9e au RCS de Clermont-Ferrand sous le num\u00e9ro 807606116, dont le si\u00e8ge social se trouve au 20- 22 rue Henri et Gilberte Goudier, 63200 Riom, France, et repr\u00e9sent\u00e9e par Pascal Mayer en sa qualit\u00e9 de pr\u00e9sident. \u00a0<br \/>Son num\u00e9ro de TVA est FR84807606116<\/p><p>Le site www.alphanosos.com, propri\u00e9t\u00e9 de Alphanosos SAS, et tous les \u00e9l\u00e9ments qui le constituent, sont prot\u00e9g\u00e9s, notamment les diff\u00e9rents contenus (photos, textes, pr\u00e9sentations, d\u00e9nominations, titres, marques et dessins et mod\u00e8les\u2026), sont prot\u00e9g\u00e9s par des droits de propri\u00e9t\u00e9 intellectuelle et des droits voisins r\u00e9serv\u00e9s aux seuls titulaires de ces droits. En cons\u00e9quence, toute utilisation, reproduction, repr\u00e9sentation ou diffusion partielle ou totale de ces \u00e9l\u00e9ments est strictement interdite \u00e0 l&#039;exception notamment des reproductions sans modifications ni alt\u00e9rations faites \u00e0 des fins de copie personnelle et priv\u00e9e conform\u00e9ment \u00e0 l&#039;article L.122-5. 2\u00b0 du code de la propri\u00e9t\u00e9 intellectuelle.<\/p><h2>Directeur de la publication<\/h2><p>Pascal Mayer, Pr\u00e9sident<br \/>Adresse \u00e9lectronique : <a href=\"mailto:contact@alphanosos.com\">contact@alphanosos.com<\/a><br \/>T\u00e9l\u00e9phone : +33 982 216 506<\/p><h2>H\u00e9bergeur<\/h2><p>Le site est h\u00e9berg\u00e9 par la soci\u00e9t\u00e9 GANDI SAS, 63-65 boulevard Mass\u00e9na Paris (75013) France<br \/>Sir\u00e8ne 423 093 459 RCS PARIS<\/p><h2>Autres dispositions<\/h2><p><strong>Les Mentions relatives \u00e0 l&#039;utilisation des donn\u00e9es personnelles sont disponibles \u00e0 la page \u00ab<a href=\"\/fr\/politique-de-confidentialite\/\">Politique de confidentialit\u00e9<\/a>\u201d.<\/strong><\/p><p><strong>Les Conditions g\u00e9n\u00e9rales de vente (CGV) sont disponibles \u00e0 la page \u00ab<a href=\"\/fr\/conditions-generales-de-vente\/\">Conditions G\u00e9n\u00e9rales de Vente<\/a>\u00bb.<\/strong><\/p><h2>Cr\u00e9dits<\/h2><p>@Betheme<\/p><p>@Pexels<\/p><p>@Flaticon<\/p><p>@Unsplash<\/p>\t\t\t\t\t\t\t\t<\/div>\n\t\t\t\t<\/div>\n\t\t\t\t\t<\/div>\n\t\t<\/div>\n\t\t\t\t\t<\/div>\n\t\t<\/section>\n\t\t\t\t<\/div>","protected":false},"excerpt":{"rendered":"<p>Mentions l\u00e9gales Propri\u00e9t\u00e9 Le pr\u00e9sent site Internet, accessible \u00e0 l\u2019adresse URL www.alphanosos.com, est la propri\u00e9t\u00e9 de Alphanosos S.A.S. au capital de 14841\u20ac, immatricul\u00e9e au RCS de Clermont-Ferrand sous le num\u00e9ro 807606116, dont le si\u00e8ge social se trouve au 20-22 rue Henri et Gilberte Goudier, 63200 Riom, France, et repr\u00e9sent\u00e9e par Pascal Mayer en sa qualit\u00e9 [&hellip;]<\/p>\n","protected":false},"author":4,"featured_media":0,"parent":0,"menu_order":0,"comment_status":"closed","ping_status":"closed","template":"","meta":{"site-sidebar-layout":"default","site-content-layout":"","ast-site-content-layout":"default","site-content-style":"default","site-sidebar-style":"default","ast-global-header-display":"","ast-banner-title-visibility":"","ast-main-header-display":"","ast-hfb-above-header-display":"","ast-hfb-below-header-display":"","ast-hfb-mobile-header-display":"","site-post-title":"","ast-breadcrumbs-content":"","ast-featured-img":"","footer-sml-layout":"","ast-disable-related-posts":"","theme-transparent-header-meta":"","adv-header-id-meta":"","stick-header-meta":"","header-above-stick-meta":"","header-main-stick-meta":"","header-below-stick-meta":"","astra-migrate-meta-layouts":"default","ast-page-background-enabled":"default","ast-page-background-meta":{"desktop":{"background-color":"var(--ast-global-color-4)","background-image":"","background-repeat":"repeat","background-position":"center center","background-size":"auto","background-attachment":"scroll","background-type":"","background-media":"","overlay-type":"","overlay-color":"","overlay-opacity":"","overlay-gradient":""},"tablet":{"background-color":"","background-image":"","background-repeat":"repeat","background-position":"center center","background-size":"auto","background-attachment":"scroll","background-type":"","background-media":"","overlay-type":"","overlay-color":"","overlay-opacity":"","overlay-gradient":""},"mobile":{"background-color":"","background-image":"","background-repeat":"repeat","background-position":"center center","background-size":"auto","background-attachment":"scroll","background-type":"","background-media":"","overlay-type":"","overlay-color":"","overlay-opacity":"","overlay-gradient":""}},"ast-content-background-meta":{"desktop":{"background-color":"var(--ast-global-color-5)","background-image":"","background-repeat":"repeat","background-position":"center center","background-size":"auto","background-attachment":"scroll","background-type":"","background-media":"","overlay-type":"","overlay-color":"","overlay-opacity":"","overlay-gradient":""},"tablet":{"background-color":"var(--ast-global-color-5)","background-image":"","background-repeat":"repeat","background-position":"center center","background-size":"auto","background-attachment":"scroll","background-type":"","background-media":"","overlay-type":"","overlay-color":"","overlay-opacity":"","overlay-gradient":""},"mobile":{"background-color":"var(--ast-global-color-5)","background-image":"","background-repeat":"repeat","background-position":"center center","background-size":"auto","background-attachment":"scroll","background-type":"","background-media":"","overlay-type":"","overlay-color":"","overlay-opacity":"","overlay-gradient":""}},"footnotes":""},"class_list":["post-676","page","type-page","status-publish","hentry"],"yoast_head":"<!-- This site is optimized with the Yoast SEO plugin v27.5 - https:\/\/yoast.com\/product\/yoast-seo-wordpress\/ -->\n<title>Mentions l\u00e9gales - Alphanosos<\/title>\n<meta name=\"robots\" content=\"index, follow, max-snippet:-1, max-image-preview:large, max-video-preview:-1\" \/>\n<link rel=\"canonical\" href=\"https:\/\/www.alphanosos.com\/fr\/mentions-legales\/\" \/>\n<meta property=\"og:locale\" content=\"fr_FR\" \/>\n<meta property=\"og:type\" content=\"article\" \/>\n<meta property=\"og:title\" content=\"Mentions l\u00e9gales - Alphanosos\" \/>\n<meta property=\"og:description\" content=\"Mentions l\u00e9gales Propri\u00e9t\u00e9 Le pr\u00e9sent site Internet, accessible \u00e0 l\u2019adresse URL www.alphanosos.com, est la propri\u00e9t\u00e9 de Alphanosos S.A.S. au capital de 14841\u20ac, immatricul\u00e9e au RCS de Clermont-Ferrand sous le num\u00e9ro 807606116, dont le si\u00e8ge social se trouve au 20-22 rue Henri et Gilberte Goudier, 63200 Riom, France, et repr\u00e9sent\u00e9e par Pascal Mayer en sa qualit\u00e9 [&hellip;]\" \/>\n<meta property=\"og:url\" content=\"https:\/\/www.alphanosos.com\/fr\/mentions-legales\/\" \/>\n<meta property=\"og:site_name\" content=\"Alphanosos\" \/>\n<meta property=\"article:modified_time\" content=\"2024-06-09T18:51:42+00:00\" \/>\n<meta name=\"twitter:card\" content=\"summary_large_image\" \/>\n<meta name=\"twitter:label1\" content=\"Dur\u00e9e de lecture estim\u00e9e\" \/>\n\t<meta name=\"twitter:data1\" content=\"2 minutes\" \/>\n<script type=\"application\/ld+json\" class=\"yoast-schema-graph\">{\"@context\":\"https:\\\/\\\/schema.org\",\"@graph\":[{\"@type\":\"WebPage\",\"@id\":\"https:\\\/\\\/www.alphanosos.com\\\/mentions-legales\\\/\",\"url\":\"https:\\\/\\\/www.alphanosos.com\\\/mentions-legales\\\/\",\"name\":\"Mentions l\u00e9gales - Alphanosos\",\"isPartOf\":{\"@id\":\"https:\\\/\\\/www.alphanosos.com\\\/#website\"},\"datePublished\":\"2021-05-05T15:25:36+00:00\",\"dateModified\":\"2024-06-09T18:51:42+00:00\",\"breadcrumb\":{\"@id\":\"https:\\\/\\\/www.alphanosos.com\\\/mentions-legales\\\/#breadcrumb\"},\"inLanguage\":\"fr-FR\",\"potentialAction\":[{\"@type\":\"ReadAction\",\"target\":[\"https:\\\/\\\/www.alphanosos.com\\\/mentions-legales\\\/\"]}]},{\"@type\":\"BreadcrumbList\",\"@id\":\"https:\\\/\\\/www.alphanosos.com\\\/mentions-legales\\\/#breadcrumb\",\"itemListElement\":[{\"@type\":\"ListItem\",\"position\":1,\"name\":\"Accueil\",\"item\":\"https:\\\/\\\/www.alphanosos.com\\\/\"},{\"@type\":\"ListItem\",\"position\":2,\"name\":\"Mentions l\u00e9gales\"}]},{\"@type\":\"WebSite\",\"@id\":\"https:\\\/\\\/www.alphanosos.com\\\/#website\",\"url\":\"https:\\\/\\\/www.alphanosos.com\\\/\",\"name\":\"Alphanosos\",\"description\":\"Alphanosos\",\"publisher\":{\"@id\":\"https:\\\/\\\/www.alphanosos.com\\\/#organization\"},\"potentialAction\":[{\"@type\":\"SearchAction\",\"target\":{\"@type\":\"EntryPoint\",\"urlTemplate\":\"https:\\\/\\\/www.alphanosos.com\\\/?s={search_term_string}\"},\"query-input\":{\"@type\":\"PropertyValueSpecification\",\"valueRequired\":true,\"valueName\":\"search_term_string\"}}],\"inLanguage\":\"fr-FR\"},{\"@type\":\"Organization\",\"@id\":\"https:\\\/\\\/www.alphanosos.com\\\/#organization\",\"name\":\"Alphanosos\",\"url\":\"https:\\\/\\\/www.alphanosos.com\\\/\",\"logo\":{\"@type\":\"ImageObject\",\"inLanguage\":\"fr-FR\",\"@id\":\"https:\\\/\\\/www.alphanosos.com\\\/#\\\/schema\\\/logo\\\/image\\\/\",\"url\":\"https:\\\/\\\/www.alphanosos.com\\\/wp-content\\\/uploads\\\/2024\\\/06\\\/logo-alphanosos-2.png\",\"contentUrl\":\"https:\\\/\\\/www.alphanosos.com\\\/wp-content\\\/uploads\\\/2024\\\/06\\\/logo-alphanosos-2.png\",\"width\":343,\"height\":65,\"caption\":\"Alphanosos\"},\"image\":{\"@id\":\"https:\\\/\\\/www.alphanosos.com\\\/#\\\/schema\\\/logo\\\/image\\\/\"},\"sameAs\":[\"https:\\\/\\\/www.linkedin.com\\\/company\\\/alphanosos\"]}]}<\/script>\n<!-- \/ Yoast SEO plugin. -->","yoast_head_json":{"title":"Mentions l\u00e9gales - Alphanosos","robots":{"index":"index","follow":"follow","max-snippet":"max-snippet:-1","max-image-preview":"max-image-preview:large","max-video-preview":"max-video-preview:-1"},"canonical":"https:\/\/www.alphanosos.com\/fr\/mentions-legales\/","og_locale":"fr_FR","og_type":"article","og_title":"Mentions l\u00e9gales - Alphanosos","og_description":"Mentions l\u00e9gales Propri\u00e9t\u00e9 Le pr\u00e9sent site Internet, accessible \u00e0 l\u2019adresse URL www.alphanosos.com, est la propri\u00e9t\u00e9 de Alphanosos S.A.S. au capital de 14841\u20ac, immatricul\u00e9e au RCS de Clermont-Ferrand sous le num\u00e9ro 807606116, dont le si\u00e8ge social se trouve au 20-22 rue Henri et Gilberte Goudier, 63200 Riom, France, et repr\u00e9sent\u00e9e par Pascal Mayer en sa qualit\u00e9 [&hellip;]","og_url":"https:\/\/www.alphanosos.com\/fr\/mentions-legales\/","og_site_name":"Alphanosos","article_modified_time":"2024-06-09T18:51:42+00:00","twitter_card":"summary_large_image","twitter_misc":{"Dur\u00e9e de lecture estim\u00e9e":"2 minutes"},"schema":{"@context":"https:\/\/schema.org","@graph":[{"@type":"WebPage","@id":"https:\/\/www.alphanosos.com\/mentions-legales\/","url":"https:\/\/www.alphanosos.com\/mentions-legales\/","name":"Mentions l\u00e9gales - Alphanosos","isPartOf":{"@id":"https:\/\/www.alphanosos.com\/#website"},"datePublished":"2021-05-05T15:25:36+00:00","dateModified":"2024-06-09T18:51:42+00:00","breadcrumb":{"@id":"https:\/\/www.alphanosos.com\/mentions-legales\/#breadcrumb"},"inLanguage":"fr-FR","potentialAction":[{"@type":"ReadAction","target":["https:\/\/www.alphanosos.com\/mentions-legales\/"]}]},{"@type":"BreadcrumbList","@id":"https:\/\/www.alphanosos.com\/mentions-legales\/#breadcrumb","itemListElement":[{"@type":"ListItem","position":1,"name":"Accueil","item":"https:\/\/www.alphanosos.com\/"},{"@type":"ListItem","position":2,"name":"Mentions l\u00e9gales"}]},{"@type":"WebSite","@id":"https:\/\/www.alphanosos.com\/#website","url":"https:\/\/www.alphanosos.com\/","name":"Alphanosos","description":"Alphanosos","publisher":{"@id":"https:\/\/www.alphanosos.com\/#organization"},"potentialAction":[{"@type":"SearchAction","target":{"@type":"EntryPoint","urlTemplate":"https:\/\/www.alphanosos.com\/?s={search_term_string}"},"query-input":{"@type":"PropertyValueSpecification","valueRequired":true,"valueName":"search_term_string"}}],"inLanguage":"fr-FR"},{"@type":"Organization","@id":"https:\/\/www.alphanosos.com\/#organization","name":"Alphanosos","url":"https:\/\/www.alphanosos.com\/","logo":{"@type":"ImageObject","inLanguage":"fr-FR","@id":"https:\/\/www.alphanosos.com\/#\/schema\/logo\/image\/","url":"https:\/\/www.alphanosos.com\/wp-content\/uploads\/2024\/06\/logo-alphanosos-2.png","contentUrl":"https:\/\/www.alphanosos.com\/wp-content\/uploads\/2024\/06\/logo-alphanosos-2.png","width":343,"height":65,"caption":"Alphanosos"},"image":{"@id":"https:\/\/www.alphanosos.com\/#\/schema\/logo\/image\/"},"sameAs":["https:\/\/www.linkedin.com\/company\/alphanosos"]}]}},"_links":{"self":[{"href":"https:\/\/www.alphanosos.com\/fr\/wp-json\/wp\/v2\/pages\/676","targetHints":{"allow":["GET"]}}],"collection":[{"href":"https:\/\/www.alphanosos.com\/fr\/wp-json\/wp\/v2\/pages"}],"about":[{"href":"https:\/\/www.alphanosos.com\/fr\/wp-json\/wp\/v2\/types\/page"}],"author":[{"embeddable":true,"href":"https:\/\/www.alphanosos.com\/fr\/wp-json\/wp\/v2\/users\/4"}],"replies":[{"embeddable":true,"href":"https:\/\/www.alphanosos.com\/fr\/wp-json\/wp\/v2\/comments?post=676"}],"version-history":[{"count":25,"href":"https:\/\/www.alphanosos.com\/fr\/wp-json\/wp\/v2\/pages\/676\/revisions"}],"predecessor-version":[{"id":2906,"href":"https:\/\/www.alphanosos.com\/fr\/wp-json\/wp\/v2\/pages\/676\/revisions\/2906"}],"wp:attachment":[{"href":"https:\/\/www.alphanosos.com\/fr\/wp-json\/wp\/v2\/media?parent=676"}],"curies":[{"name":"wp","href":"https:\/\/api.w.org\/{rel}","templated":true}]}}